{"id":154,"date":"2023-05-05T09:20:29","date_gmt":"2023-05-05T07:20:29","guid":{"rendered":"http:\/\/caviste-sollies-pont.fr\/?page_id=154"},"modified":"2023-12-14T15:52:14","modified_gmt":"2023-12-14T14:52:14","slug":"mentions-legales","status":"publish","type":"page","link":"https:\/\/lacavedolivier.fr\/index.php\/mentions-legales\/","title":{"rendered":"Mentions L\u00e9gales"},"content":{"rendered":"\t\t<div data-elementor-type=\"wp-page\" data-elementor-id=\"154\" class=\"elementor elementor-154\" data-elementor-post-type=\"page\">\n\t\t\t\t\t\t\t\t\t<section class=\"elementor-section elementor-top-section elementor-element elementor-element-b21fb74 elementor-section-boxed elementor-section-height-default elementor-section-height-default\" data-id=\"b21fb74\" data-element_type=\"section\">\n\t\t\t\t\t\t<div class=\"elementor-container elementor-column-gap-default\">\n\t\t\t\t\t<div class=\"elementor-column elementor-col-100 elementor-top-column elementor-element elementor-element-559d864\" data-id=\"559d864\" data-element_type=\"column\">\n\t\t\t<div class=\"elementor-widget-wrap elementor-element-populated\">\n\t\t\t\t\t\t\t\t<div class=\"elementor-element elementor-element-c13575c elementor-widget elementor-widget-text-editor\" data-id=\"c13575c\" data-element_type=\"widget\" data-widget_type=\"text-editor.default\">\n\t\t\t\t<div class=\"elementor-widget-container\">\n\t\t\t<style>\/*! elementor - v3.14.0 - 26-06-2023 *\/\n.elementor-widget-text-editor.elementor-drop-cap-view-stacked .elementor-drop-cap{background-color:#69727d;color:#fff}.elementor-widget-text-editor.elementor-drop-cap-view-framed .elementor-drop-cap{color:#69727d;border:3px solid;background-color:transparent}.elementor-widget-text-editor:not(.elementor-drop-cap-view-default) .elementor-drop-cap{margin-top:8px}.elementor-widget-text-editor:not(.elementor-drop-cap-view-default) .elementor-drop-cap-letter{width:1em;height:1em}.elementor-widget-text-editor .elementor-drop-cap{float:left;text-align:center;line-height:1;font-size:50px}.elementor-widget-text-editor .elementor-drop-cap-letter{display:inline-block}<\/style>\t\t\t\t<p><strong>Information juridique :<\/strong><br \/>SARL LA CAVE D\u2019OLIVIER<br \/><span style=\"color: #333333;\"><a style=\"color: #333333;\" href=\"https:\/\/trello.com\/b\/6pIisnFd\">38 Avenue Lion<\/a><\/span><br \/><span style=\"color: #333333;\">ZAC de la Poulasse<\/span><br \/><span style=\"color: #333333;\">83210 Solli\u00e8s-Pont<\/span><br \/><strong>SIRET<\/strong> :\u00a051752627300027<br \/><strong>Capital social<\/strong> : 5.000\u20ac<br \/><strong><br \/>Repr\u00e9sentant l\u00e9gal<\/strong> : M. Olivier BRAISE \/ Propri\u00e9taire du site caviste-sollies-pont.fr<\/p><p><strong>H\u00e9bergement du site<\/strong> : OVH<br \/>Si\u00e8ge social : 2 Rue Kellermann \u2013 59100 Roubaix<br \/>RCS Roubaix \u2013 Tourcoing 424 761 419 00045<\/p><p><strong>Conception &amp; Design<\/strong> :<br \/><span style=\"color: #333333;\"><a style=\"color: #333333;\" href=\"https:\/\/www.google.com\/search?q=Territoires+Branding&amp;stick=H4sIAAAAAAAA_-NgU1IxqDA0SrY0TDI0NzYxt0gzNkmxMqgwsUwyMrcwNDAysLBMSU1ZxCoSklpUlFmSn1mUWqzgVJSYl5KZlw4A7Zs4ij8AAAA&amp;hl=fr&amp;mat=CV0WxYMqL1xiElcBpsFAC6_wXDl19IIsuxYoRJFSX_uKIb52db_KW9IVsMWayXNySHiNLLERRWocJ_zIqoSZSJR3E8yDO3cPvBHM8SV7xWFXsJ5QO5sz_GJ-7m-jJjq4feg&amp;authuser=0\">TERRITOIRES BRANDING<\/a><\/span><br \/>58 Avenue Mar\u00e9chal Foch<br \/>83000 Toulon<br \/>T\u00e9l. 07 86 47 63 53<br \/><a href=\"mailto:durandodesigner@icloud.com\"><span style=\"color: #333333;\">durandodesigner@icloud.com<\/span><\/a> <span style=\"color: #333333;\"><br \/><a style=\"color: #333333;\" href=\"https:\/\/www.territoires-branding.design\">https:\/\/www.territoires-branding.design<\/a><\/span><\/p><p><strong>R\u00e9alisation du site<\/strong> :\u00a0<span style=\"color: #333333;\"><br \/><a style=\"color: #333333;\" href=\"https:\/\/www.google.com\/search?q=Territoires+Branding&amp;stick=H4sIAAAAAAAA_-NgU1IxqDA0SrY0TDI0NzYxt0gzNkmxMqgwsUwyMrcwNDAysLBMSU1ZxCoSklpUlFmSn1mUWqzgVJSYl5KZlw4A7Zs4ij8AAAA&amp;hl=fr&amp;mat=CV0WxYMqL1xiElcBpsFAC6_wXDl19IIsuxYoRJFSX_uKIb52db_KW9IVsMWayXNySHiNLLERRWocJ_zIqoSZSJR3E8yDO3cPvBHM8SV7xWFXsJ5QO5sz_GJ-7m-jJjq4feg&amp;authuser=0\">TERRITOIRES BRANDING<\/a><\/span><br \/>58 Avenue Mar\u00e9chal Foch<br \/>83000 Toulon<br \/>T\u00e9l. 07 86 47 63 53<br \/><span style=\"color: #333333;\"><a style=\"color: #333333;\" href=\"mailto:durandodesigner@icloud.com\">durandodesigner@icloud.com<\/a><\/span><br \/><span style=\"color: #333333;\"><a style=\"color: #333333;\" href=\"https:\/\/www.territoires-branding.design\">https:\/\/www.territoires-branding.design<\/a><\/span><\/p><p><strong>Contenu du site<\/strong><br \/>Les informations contenues sur le site caviste-sollies-pont.fr ont un caract\u00e8re strictement informatif, son propri\u00e9taire se r\u00e9serve le droit d\u2019en modifier le contenu.<br \/>Le contenu du site (textes, images, sons, graphismes, documents t\u00e9l\u00e9chargeables\u2026) ne sont pas libre de droit. Le contenu des actualit\u00e9s est non contractuel et fourni \u00e0 titre informatif.<br \/>L\u2019ensemble de ce site rel\u00e8ve de la l\u00e9gislation fran\u00e7aise et internationale sur les droits d\u2019auteur et de la propri\u00e9t\u00e9 intellectuelle.<br \/>Toute utilisation ou reproduction, totale ou partielle du site constitue une contrefa\u00e7on sanctionn\u00e9e par le Code de la propri\u00e9t\u00e9 intellectuelle.<\/p><p><strong>Liens hypertextes<\/strong><br \/>Les liens hypertextes vers d\u2019autres sites ainsi que leurs contenus ne sauraient, en aucun cas engager la responsabilit\u00e9 de la SARL LA CAVE D\u2019OLIVIER.<\/p><p><strong>Cookies<\/strong><br \/>En visitant notre site Web et en utilisant nos services, vous comprenez et acceptez la fa\u00e7on dont nous traitons les donn\u00e9es personnelles conform\u00e9ment \u00e0 notre politique de confidentialit\u00e9.<br \/>Nous respectons votre vie priv\u00e9e et le droit de contr\u00f4ler vos donn\u00e9es personnelles. Nos principes directeurs sont simples. Nous allons \u00eatre ouverts avec quelles donn\u00e9es nous collectons et pourquoi.<br \/>Veuillez prendre un moment pour les lire. C\u2019est important !<\/p><p>Les cookies sont de petites quantit\u00e9s d\u2019informations stock\u00e9es dans des fichiers au sein m\u00eame du navigateur de votre ordinateur.<br \/>Les cookies sont accessibles et enregistr\u00e9s par les sites internet que vous consultez, et par les soci\u00e9t\u00e9s qui affichent leurs annonces publicitaires sur des sites internet, pour qu\u2019ils puissent reconna\u00eetre le navigateur.<br \/>Les sites Internet peuvent uniquement acc\u00e9der aux cookies qu\u2019ils ont stock\u00e9s sur votre ordinateur.<br \/>En utilisant le Site Internet , vous consentez \u00e0 l\u2019utilisation des cookies d\u00e9pos\u00e9s par notre Site.<br \/>Le site Internet utilisent des cookies aux fins suivantes :<br \/>* Cookies de Session.<br \/>Nous utilisons des Cookies de Session pour faire fonctionner notre Service.<br \/>* Cookies de S\u00e9curit\u00e9. Nous utilisons des Cookies de S\u00e9curit\u00e9 pour des raisons de s\u00e9curit\u00e9.<br \/>* Mesure d\u2019audience :\u00a0pour suivre les donn\u00e9es statistiques de fr\u00e9quentation du Site (soit l\u2019utilisation faite du Site par les utilisateurs et pour am\u00e9liorer les services du Site) et pour nous aider \u00e0 mesurer et \u00e9tudier l\u2019efficacit\u00e9 de notre contenu interactif en ligne, de ses caract\u00e9ristiques, publicit\u00e9s et autres communications.<br \/>Le site caviste-sollies-pont.fr utilise les cookies suivants:<br \/>\u2013 Cookies analytiques (Google Analytics)<\/p><p>Vos Choix Concernant les Cookies et Balises Web<br \/>Vous avez le choix de configurer votre navigateur pour accepter tous les cookies, rejeter tous les cookies, vous informer quand un cookie est \u00e9mis, sa dur\u00e9e de validit\u00e9 et son contenu, ainsi que vous permettre de refuser son enregistrement dans votre terminal, et supprimer vos cookies p\u00e9riodiquement.<br \/>Vous pouvez param\u00e9trer votre navigateur Internet pour d\u00e9sactiver les cookies. Notez toutefois que si vous d\u00e9sactivez les cookies, votre nom d\u2019utilisateur ainsi que votre mot de passe ne seront plus sauvegard\u00e9s sur aucun site web. Pour plus d\u2019informations relatives aux m\u00e9thodes vous permettant de supprimer et de contr\u00f4ler les cookies stock\u00e9s sur votre ordinateur, consultez le site suivant :\u00a0http:\/\/www.allaboutcookies.org\/fr\/<\/p><p>Comment configurer votre navigateur<br \/><strong>* Firefox :<\/strong><br \/>* 1. Ouvrez Firefox<br \/>* 2. Appuyez sur la touche \u00ab Alt \u00bb<br \/>* 3. Dans le menu en haut de la page cliquez sur \u00ab Outils \u00bb puis \u00ab Options \u00bb<br \/>* 4. S\u00e9lectionnez l\u2019onglet \u00ab Vie priv\u00e9e \u00bb<br \/>* 5. Dans le menu d\u00e9roulant \u00e0 droite de \u00ab R\u00e8gles de conservation \u00bb, cliquez sur \u00ab utiliser les param\u00e8tres personnalis\u00e9s pour l\u2019historique \u00bb<br \/>* 6. Un peu plus bas, d\u00e9cochez \u00ab Accepter les cookies \u00bb<br \/>* 7. Sauvegardez vos pr\u00e9f\u00e9rences en cliquant sur \u00ab OK \u00bb<\/p><p><strong>* Internet Explorer :<\/strong><br \/>* 1. Ouvrez Internet Explorer<br \/>* 2. Dans le menu \u00ab Outils \u00bb, s\u00e9lectionnez \u00ab Options Internet \u00bb<br \/>* 3. Cliquez sur l\u2019onglet \u00ab Confidentialit\u00e9 \u00bb<br \/>* 4. Cliquez sur \u00ab Avanc\u00e9 \u00bb et d\u00e9cochez \u00ab Accepter \u00bb<br \/>* 5. Sauvegardez vos pr\u00e9f\u00e9rences en cliquant sur \u00ab OK \u00bb<\/p><p><strong>* Google Chrome :<\/strong><br \/>* 1. Ouvrez Google Chrome<br \/>* 2. Cliquez sur l\u2019ic\u00f4ne d\u2019outils dans la barre de menu<br \/>* 3. S\u00e9lectionnez \u00ab Options \u00bb<br \/>* 4. Cliquez sur l\u2019onglet \u00ab Options avanc\u00e9es \u00bb<br \/>* 5. Dans le menu d\u00e9roulant \u00ab Param\u00e8tres des cookies \u00bb, s\u00e9lectionnez \u00ab Bloquer tous les cookies \u00bb<\/p><p><strong>* Safari :<\/strong><br \/>* 1. Ouvrez Safari<br \/>* 2. Dans la barre de menu en haut, cliquez sur \u00ab Safari \u00bb, puis \u00ab Pr\u00e9f\u00e9rences \u00bb<br \/>* 3. S\u00e9lectionnez l\u2019ic\u00f4ne \u00ab S\u00e9curit\u00e9 \u00bb<br \/>* 4. \u00c0 c\u00f4t\u00e9 de \u00ab Accepter les cookies \u00bb, cochez \u00ab Jamais \u00bb<br \/>* 5. Si vous souhaitez voir les cookies qui sont d\u00e9j\u00e0 sauvegard\u00e9s sur votre ordinateur, cliquez sur \u00ab Afficher les cookies \u00bb<\/p><p><strong>Politique de protection des donn\u00e9es personnelles<\/strong><br \/>La SARL LA CAVE D\u2019OLIVIER s\u2019engage \u00e0 ce que la collecte et le traitement de vos donn\u00e9es, effectu\u00e9s \u00e0 partir du site caviste-sollies-pont.fr, soient conformes au r\u00e8glement g\u00e9n\u00e9ral sur la protection des donn\u00e9es (RGPD) et \u00e0 la loi Informatique et Libert\u00e9s.<br \/>Chaque formulaire ou t\u00e9l\u00e9service limite la collecte des donn\u00e9es personnelles au strict n\u00e9cessaire (minimisation des donn\u00e9es) et indique notamment :<br \/>\u2013 quels sont les objectifs du recueil de ces donn\u00e9es (finalit\u00e9s) ;<br \/>\u2013 si ces donn\u00e9es sont obligatoires ou facultatives pour la gestion de votre demande ;<br \/>\u2013 qui pourra en prendre connaissance (uniquement LA CAVE D\u2019OLIVIER en principe, sauf pr\u00e9cision dans le formulaire lorsqu\u2019une transmission \u00e0 un tiers est n\u00e9cessaire \u00e0 la gestion de votre demande ) ;<br \/>Chaque soumission via un formulaire fait l\u2019objet d\u2019un consentement. Ce consentement est enregistr\u00e9 en base de donn\u00e9es pendant une p\u00e9riode d\u2019un an.<br \/>Les donn\u00e9es personnelles recueillies dans le cadre des services propos\u00e9s sur caviste-sollies-pont.fr sont trait\u00e9es selon des protocoles s\u00e9curis\u00e9s et permettent \u00e0 LA CAVE D\u2019OLIVIER de g\u00e9rer les demandes re\u00e7ues dans ses applications informatiques.<\/p><p>Pour toute information ou exercice de vos droits Informatique et Libert\u00e9s sur les traitements de donn\u00e9es personnelles g\u00e9r\u00e9s par LA CAVE D\u2019OLIVIER,<br \/>et notamment la suppression de vos donn\u00e9es personnelles, vous pouvez contacter son d\u00e9l\u00e9gu\u00e9 \u00e0 la protection des donn\u00e9es (DPO) : Prospects<br \/>\u2013 par mail \u00e0 <span style=\"color: #333333;\"><a style=\"color: #333333;\" href=\"mailto:lacavedolivier83210@gmail.com\">lacavedolivier83210@gmail.com<\/a><\/span><br \/>\u2013 ou par courrier sign\u00e9 accompagn\u00e9 de la copie d\u2019un titre d\u2019identit\u00e9 \u00e0 l\u2019adresse suivante :<\/p><p>LA CAVE D\u2019OLIVIER<br \/><span style=\"color: #333333;\"><a style=\"color: #333333;\" href=\"https:\/\/www.google.com\/search?q=La+Cave+d%27Olivier+Solli%C3%A8s-Pont&amp;stick=H4sIAAAAAAAA_-NgU1I1qDA0SrY0tDBJtjQ2NzdJSja1MqhINk8xTDY1TkpLsgBis7RFrPI-iQrOiWWpCinq_jmZZZmpRQrB-Tk5mYdXFOsG5OeVAACPuo6ASwAAAA&amp;hl=fr&amp;mat=CbEWNyFEzW66ElcBpsFAC7GnfDuAdzmNDapd4DuLfJmRO5HNwJEjWLXkYSSgwsXOJaaVtlvB3lY7EM5Ctn4Dy7oRNMIG6naJuSBHZtG3YmkSO_w19pb6G34VL87c53PYnn4&amp;authuser=0\">38 Avenue Lion<\/a><\/span><br \/><span style=\"color: #333333;\">ZAC de la Poulasse<\/span><br \/><span style=\"color: #333333;\">83210 Solli\u00e8s-Pont<\/span><\/p>\t\t\t\t\t\t<\/div>\n\t\t\t\t<\/div>\n\t\t\t\t\t<\/div>\n\t\t<\/div>\n\t\t\t\t\t\t\t<\/div>\n\t\t<\/section>\n\t\t\t\t\t\t\t<\/div>\n\t\t","protected":false},"excerpt":{"rendered":"<p>Information juridique : SARL LA CAVE D\u2019OLIVIER 38 Avenue Lion ZAC de la Poulasse 83210 Solli\u00e8s-Pont SIRET :&nbsp;51752627300027 Capital social : 5.000\u20ac Repr\u00e9sentant l\u00e9gal : M. Olivier BRAISE \/ Propri\u00e9taire du site caviste-sollies-pont.fr H\u00e9bergement du site : OVH Si\u00e8ge social : 2 Rue Kellermann \u2013 59100 Roubaix RCS Roubaix \u2013 Tourcoing 424 761 419 00045 [&hellip;]<\/p>\n","protected":false},"author":1,"featured_media":0,"parent":0,"menu_order":0,"comment_status":"closed","ping_status":"closed","template":"","meta":{"footnotes":""},"class_list":["post-154","page","type-page","status-publish","hentry"],"yoast_head":"<!-- This site is optimized with the Yoast SEO plugin v20.12 - https:\/\/yoast.com\/wordpress\/plugins\/seo\/ -->\n<title>Mentions L\u00e9gales - La Cave d&#039;Olivier Solli\u00e8s-Pont<\/title>\n<meta name=\"description\" content=\"Les informations contenues sur le site lacavedolivier.fr ont un caract\u00e8re strictement informatif, son propri\u00e9taire se r\u00e9serve le droit d\u2019en modifier le contenu.\" \/>\n<meta name=\"robots\" content=\"index, follow, max-snippet:-1, max-image-preview:large, max-video-preview:-1\" \/>\n<link rel=\"canonical\" href=\"https:\/\/lacavedolivier.fr\/index.php\/mentions-legales\/\" \/>\n<meta property=\"og:locale\" content=\"fr_FR\" \/>\n<meta property=\"og:type\" content=\"article\" \/>\n<meta property=\"og:title\" content=\"Mentions L\u00e9gales - La Cave d&#039;Olivier Solli\u00e8s-Pont\" \/>\n<meta property=\"og:description\" content=\"Les informations contenues sur le site lacavedolivier.fr ont un caract\u00e8re strictement informatif, son propri\u00e9taire se r\u00e9serve le droit d\u2019en modifier le contenu.\" \/>\n<meta property=\"og:url\" content=\"https:\/\/lacavedolivier.fr\/index.php\/mentions-legales\/\" \/>\n<meta property=\"og:site_name\" content=\"La Cave d&#039;Olivier\" \/>\n<meta property=\"article:publisher\" content=\"https:\/\/www.facebook.com\/lacavedolivier\/?locale=fr_FR\" \/>\n<meta property=\"article:modified_time\" content=\"2023-12-14T14:52:14+00:00\" \/>\n<meta name=\"twitter:card\" content=\"summary_large_image\" \/>\n<meta name=\"twitter:label1\" content=\"Dur\u00e9e de lecture estim\u00e9e\" \/>\n\t<meta name=\"twitter:data1\" content=\"6 minutes\" \/>\n<script type=\"application\/ld+json\" class=\"yoast-schema-graph\">{\"@context\":\"https:\/\/schema.org\",\"@graph\":[{\"@type\":\"WebPage\",\"@id\":\"https:\/\/lacavedolivier.fr\/index.php\/mentions-legales\/\",\"url\":\"https:\/\/lacavedolivier.fr\/index.php\/mentions-legales\/\",\"name\":\"Mentions L\u00e9gales - La Cave d'Olivier Solli\u00e8s-Pont\",\"isPartOf\":{\"@id\":\"https:\/\/lacavedolivier.fr\/#website\"},\"datePublished\":\"2023-05-05T07:20:29+00:00\",\"dateModified\":\"2023-12-14T14:52:14+00:00\",\"description\":\"Les informations contenues sur le site lacavedolivier.fr ont un caract\u00e8re strictement informatif, son propri\u00e9taire se r\u00e9serve le droit d\u2019en modifier le contenu.\",\"breadcrumb\":{\"@id\":\"https:\/\/lacavedolivier.fr\/index.php\/mentions-legales\/#breadcrumb\"},\"inLanguage\":\"fr-FR\",\"potentialAction\":[{\"@type\":\"ReadAction\",\"target\":[\"https:\/\/lacavedolivier.fr\/index.php\/mentions-legales\/\"]}]},{\"@type\":\"BreadcrumbList\",\"@id\":\"https:\/\/lacavedolivier.fr\/index.php\/mentions-legales\/#breadcrumb\",\"itemListElement\":[{\"@type\":\"ListItem\",\"position\":1,\"name\":\"Accueil\",\"item\":\"https:\/\/lacavedolivier.fr\/\"},{\"@type\":\"ListItem\",\"position\":2,\"name\":\"Mentions L\u00e9gales\"}]},{\"@type\":\"WebSite\",\"@id\":\"https:\/\/lacavedolivier.fr\/#website\",\"url\":\"https:\/\/lacavedolivier.fr\/\",\"name\":\"La Cave d'Olivier\",\"description\":\"D\u00e9couvrez plus de 1000 r\u00e9f\u00e9rences incontournables de Vins, Champagnes, Spiritueux, Bi\u00e8res ainsi que de l\u2019\u00c9picerie Fine s\u00e9lectionn\u00e9es avec soin par notre \u00e9quipe.\",\"publisher\":{\"@id\":\"https:\/\/lacavedolivier.fr\/#organization\"},\"potentialAction\":[{\"@type\":\"SearchAction\",\"target\":{\"@type\":\"EntryPoint\",\"urlTemplate\":\"https:\/\/lacavedolivier.fr\/?s={search_term_string}\"},\"query-input\":\"required name=search_term_string\"}],\"inLanguage\":\"fr-FR\"},{\"@type\":\"Organization\",\"@id\":\"https:\/\/lacavedolivier.fr\/#organization\",\"name\":\"La Cave d'Olivier\",\"url\":\"https:\/\/lacavedolivier.fr\/\",\"logo\":{\"@type\":\"ImageObject\",\"inLanguage\":\"fr-FR\",\"@id\":\"https:\/\/lacavedolivier.fr\/#\/schema\/logo\/image\/\",\"url\":\"https:\/\/lacavedolivier.fr\/wp-content\/uploads\/2023\/05\/cropped-logo-caveolivier-S.png\",\"contentUrl\":\"https:\/\/lacavedolivier.fr\/wp-content\/uploads\/2023\/05\/cropped-logo-caveolivier-S.png\",\"width\":600,\"height\":706,\"caption\":\"La Cave d'Olivier\"},\"image\":{\"@id\":\"https:\/\/lacavedolivier.fr\/#\/schema\/logo\/image\/\"},\"sameAs\":[\"https:\/\/www.facebook.com\/lacavedolivier\/?locale=fr_FR\",\"https:\/\/www.instagram.com\/lacavedolivier\/\"]}]}<\/script>\n<!-- \/ Yoast SEO plugin. -->","yoast_head_json":{"title":"Mentions L\u00e9gales - La Cave d'Olivier Solli\u00e8s-Pont","description":"Les informations contenues sur le site lacavedolivier.fr ont un caract\u00e8re strictement informatif, son propri\u00e9taire se r\u00e9serve le droit d\u2019en modifier le contenu.","robots":{"index":"index","follow":"follow","max-snippet":"max-snippet:-1","max-image-preview":"max-image-preview:large","max-video-preview":"max-video-preview:-1"},"canonical":"https:\/\/lacavedolivier.fr\/index.php\/mentions-legales\/","og_locale":"fr_FR","og_type":"article","og_title":"Mentions L\u00e9gales - La Cave d'Olivier Solli\u00e8s-Pont","og_description":"Les informations contenues sur le site lacavedolivier.fr ont un caract\u00e8re strictement informatif, son propri\u00e9taire se r\u00e9serve le droit d\u2019en modifier le contenu.","og_url":"https:\/\/lacavedolivier.fr\/index.php\/mentions-legales\/","og_site_name":"La Cave d&#039;Olivier","article_publisher":"https:\/\/www.facebook.com\/lacavedolivier\/?locale=fr_FR","article_modified_time":"2023-12-14T14:52:14+00:00","twitter_card":"summary_large_image","twitter_misc":{"Dur\u00e9e de lecture estim\u00e9e":"6 minutes"},"schema":{"@context":"https:\/\/schema.org","@graph":[{"@type":"WebPage","@id":"https:\/\/lacavedolivier.fr\/index.php\/mentions-legales\/","url":"https:\/\/lacavedolivier.fr\/index.php\/mentions-legales\/","name":"Mentions L\u00e9gales - La Cave d'Olivier Solli\u00e8s-Pont","isPartOf":{"@id":"https:\/\/lacavedolivier.fr\/#website"},"datePublished":"2023-05-05T07:20:29+00:00","dateModified":"2023-12-14T14:52:14+00:00","description":"Les informations contenues sur le site lacavedolivier.fr ont un caract\u00e8re strictement informatif, son propri\u00e9taire se r\u00e9serve le droit d\u2019en modifier le contenu.","breadcrumb":{"@id":"https:\/\/lacavedolivier.fr\/index.php\/mentions-legales\/#breadcrumb"},"inLanguage":"fr-FR","potentialAction":[{"@type":"ReadAction","target":["https:\/\/lacavedolivier.fr\/index.php\/mentions-legales\/"]}]},{"@type":"BreadcrumbList","@id":"https:\/\/lacavedolivier.fr\/index.php\/mentions-legales\/#breadcrumb","itemListElement":[{"@type":"ListItem","position":1,"name":"Accueil","item":"https:\/\/lacavedolivier.fr\/"},{"@type":"ListItem","position":2,"name":"Mentions L\u00e9gales"}]},{"@type":"WebSite","@id":"https:\/\/lacavedolivier.fr\/#website","url":"https:\/\/lacavedolivier.fr\/","name":"La Cave d'Olivier","description":"D\u00e9couvrez plus de 1000 r\u00e9f\u00e9rences incontournables de Vins, Champagnes, Spiritueux, Bi\u00e8res ainsi que de l\u2019\u00c9picerie Fine s\u00e9lectionn\u00e9es avec soin par notre \u00e9quipe.","publisher":{"@id":"https:\/\/lacavedolivier.fr\/#organization"},"potentialAction":[{"@type":"SearchAction","target":{"@type":"EntryPoint","urlTemplate":"https:\/\/lacavedolivier.fr\/?s={search_term_string}"},"query-input":"required name=search_term_string"}],"inLanguage":"fr-FR"},{"@type":"Organization","@id":"https:\/\/lacavedolivier.fr\/#organization","name":"La Cave d'Olivier","url":"https:\/\/lacavedolivier.fr\/","logo":{"@type":"ImageObject","inLanguage":"fr-FR","@id":"https:\/\/lacavedolivier.fr\/#\/schema\/logo\/image\/","url":"https:\/\/lacavedolivier.fr\/wp-content\/uploads\/2023\/05\/cropped-logo-caveolivier-S.png","contentUrl":"https:\/\/lacavedolivier.fr\/wp-content\/uploads\/2023\/05\/cropped-logo-caveolivier-S.png","width":600,"height":706,"caption":"La Cave d'Olivier"},"image":{"@id":"https:\/\/lacavedolivier.fr\/#\/schema\/logo\/image\/"},"sameAs":["https:\/\/www.facebook.com\/lacavedolivier\/?locale=fr_FR","https:\/\/www.instagram.com\/lacavedolivier\/"]}]}},"_links":{"self":[{"href":"https:\/\/lacavedolivier.fr\/index.php\/wp-json\/wp\/v2\/pages\/154","targetHints":{"allow":["GET"]}}],"collection":[{"href":"https:\/\/lacavedolivier.fr\/index.php\/wp-json\/wp\/v2\/pages"}],"about":[{"href":"https:\/\/lacavedolivier.fr\/index.php\/wp-json\/wp\/v2\/types\/page"}],"author":[{"embeddable":true,"href":"https:\/\/lacavedolivier.fr\/index.php\/wp-json\/wp\/v2\/users\/1"}],"replies":[{"embeddable":true,"href":"https:\/\/lacavedolivier.fr\/index.php\/wp-json\/wp\/v2\/comments?post=154"}],"version-history":[{"count":1,"href":"https:\/\/lacavedolivier.fr\/index.php\/wp-json\/wp\/v2\/pages\/154\/revisions"}],"predecessor-version":[{"id":2023,"href":"https:\/\/lacavedolivier.fr\/index.php\/wp-json\/wp\/v2\/pages\/154\/revisions\/2023"}],"wp:attachment":[{"href":"https:\/\/lacavedolivier.fr\/index.php\/wp-json\/wp\/v2\/media?parent=154"}],"curies":[{"name":"wp","href":"https:\/\/api.w.org\/{rel}","templated":true}]}}